{"id":697,"date":"2023-05-21T09:45:15","date_gmt":"2023-05-21T07:45:15","guid":{"rendered":"http:\/\/www.3emerive.fr\/?page_id=697"},"modified":"2023-05-21T09:45:15","modified_gmt":"2023-05-21T07:45:15","slug":"venue-dashboard","status":"publish","type":"page","link":"https:\/\/www.3emerive.fr\/?page_id=697","title":{"rendered":"Venue Dashboard"},"content":{"rendered":"\t\t\t<div id=\"event-manager-event-dashboard\">\n\t\t\t\t<p class=\"account-sign-in wpem-alert wpem-alert-info\">Vous devez \u00eatre connect\u00e9 pour g\u00e9rer vos listes de lieux. <a href=\"http:\/\/www.3emerive.fr\/wp-login.php\">Se connecter<\/a><\/p>\n\t\t\t<\/div>\n\t\t\t\n","protected":false},"excerpt":{"rendered":"","protected":false},"author":1,"featured_media":0,"parent":0,"menu_order":0,"comment_status":"closed","ping_status":"closed","template":"","meta":{"_themeisle_gutenberg_block_has_review":false,"footnotes":""},"class_list":["post-697","page","type-page","status-publish","hentry"],"blocksy_meta":[],"jetpack_sharing_enabled":true,"_links":{"self":[{"href":"https:\/\/www.3emerive.fr\/index.php?rest_route=\/wp\/v2\/pages\/697","targetHints":{"allow":["GET"]}}],"collection":[{"href":"https:\/\/www.3emerive.fr\/index.php?rest_route=\/wp\/v2\/pages"}],"about":[{"href":"https:\/\/www.3emerive.fr\/index.php?rest_route=\/wp\/v2\/types\/page"}],"author":[{"embeddable":true,"href":"https:\/\/www.3emerive.fr\/index.php?rest_route=\/wp\/v2\/users\/1"}],"replies":[{"embeddable":true,"href":"https:\/\/www.3emerive.fr\/index.php?rest_route=%2Fwp%2Fv2%2Fcomments&post=697"}],"version-history":[{"count":0,"href":"https:\/\/www.3emerive.fr\/index.php?rest_route=\/wp\/v2\/pages\/697\/revisions"}],"wp:attachment":[{"href":"https:\/\/www.3emerive.fr\/index.php?rest_route=%2Fwp%2Fv2%2Fmedia&parent=697"}],"curies":[{"name":"wp","href":"https:\/\/api.w.org\/{rel}","templated":true}]}}