{"id":38,"date":"2022-11-26T18:32:07","date_gmt":"2022-11-26T17:32:07","guid":{"rendered":"http:\/\/www.3emerive.fr\/?page_id=38"},"modified":"2023-01-24T17:40:11","modified_gmt":"2023-01-24T16:40:11","slug":"ailleurs","status":"publish","type":"page","link":"https:\/\/www.3emerive.fr\/?page_id=38","title":{"rendered":"Ailleurs"},"content":{"rendered":"\n<div class=\"wp-block-stackable-image alignfull stk-block-image stk-block stk-f0eb61c\" data-block-id=\"f0eb61c\"><figure class=\"stk-img-wrapper stk-image--shape-stretch\"><img data-recalc-dims=\"1\" loading=\"lazy\" decoding=\"async\" class=\"stk-img wp-image-21\" src=\"https:\/\/i0.wp.com\/www.3emerive.fr\/wp-content\/uploads\/2022\/11\/ailleurs_3emerive.png?resize=690%2C157\" width=\"690\" height=\"157\" srcset=\"https:\/\/i0.wp.com\/www.3emerive.fr\/wp-content\/uploads\/2022\/11\/ailleurs_3emerive.png?w=690&amp;ssl=1 690w, https:\/\/i0.wp.com\/www.3emerive.fr\/wp-content\/uploads\/2022\/11\/ailleurs_3emerive.png?resize=300%2C68&amp;ssl=1 300w\" sizes=\"auto, (max-width: 690px) 100vw, 690px\" \/><\/figure><\/div>\n\n\n\n<p data-block-type=\"core\">Tiers Lieu \u201cAILLEURS\u201d<br>(15 rue Mar\u00e9chal Lyautey &#8211; \u00c9pinal)<br>Extrait d\u2019un livre de Caroline LAURENT<br>\u00ab&#8230; Je pr\u00e9f\u00e8re parler d\u2019espoir.<br>L\u2019espoir, c\u2019est l\u2019ordinaire tel qu\u2019il devrait toujours \u00eatre : tourn\u00e9 vers un ailleurs.<br>Pas dans un but ni un objectif, non, un ailleurs.<br>Un lieu secret dans lequel, enfin, chacun trouverait sa place.<br>Un lieu juste. Le mien existe&#8230;. \u00bb<br>Tiers Lieu selon Wikipedia<br>Ce nouvel espace de pr\u00e8s de 600 m2 est cog\u00e9r\u00e9 et co-anim\u00e9 par cinq associations :<br>3\u00e8me Rive (caf\u00e9 associatif), Les Petits D\u00e9brouillards Grand Est (\u00c9duc.populaire),<br>CCFD Terre Solidaire (Comit\u00e9 Catholique Contre la Faim et pour le D\u00e9veloppement),<br>\u00c9pinal En Transition (\u00c9cologie) et le Collectif R\u00e9seau d\u2019\u00catres (\u00c9duc. populaire).<br>Ce collectif partage principalement des valeurs d&rsquo;accueil, d&rsquo;\u00e9coute, de respect, d&rsquo;\u00e9change,<br>de solidarit\u00e9 et de la\u00efcit\u00e9.<br>Ce tiers-lieu permet d\u2019exp\u00e9rimenter aventures collectives et initiatives locales.<br>Il offre un espace o\u00f9 la rencontre physique, le lien, l&rsquo;\u00e9mancipation individuelle et collective,<br>l&rsquo;\u00e9mergence de projets citoyens et responsables sont \u00e0 l\u2019honneur.<br>Le tout dans une ambiance conviviale et ouverte, afin de favoriser le faire et le bien-vivre<br>ensemble.<br>Envie d\u2019ailleurs ? Alors, n\u2019h\u00e9sitez pas \u00e0 venir d\u00e9couvrir ce nouveau lieu !<br>Les associations membres du Tiers Lieu<br>&#8211; 3\u00e8me Rive, caf\u00e9 associatif<br>\u2022Lieu de rencontres et d\u2019animations.<br>\u2022Donner \u00e0 chacun-e un endroit o\u00f9 il-elle peut s\u2019exprimer, cr\u00e9er, partager, transmettre,<br>\u00e9changer, grandir.<br>\u2022Soutenir chacun-e dans sa d\u00e9marche d\u2019\u00ab acteur \u00bb.<br>\u2022Rassembler et soutenir les diff\u00e9rentes initiatives ayant un lien avec la transition,<br>le mieux vivre ensemble et l\u2019\u00e9change.<br>\u2022Rassembler et relier les associations, les citoyen-ne-s et les structures ayant un objectif<br>commun dans une d\u00e9marche sociale et durable.<br>\u2022Faire conna\u00eetre les alternatives citoyennes, solidaires et durables au plus grand nombre.<br>\u2022Favoriser et valoriser une d\u00e9marche responsable au sein du caf\u00e9 associatif :<br>circuits courts, mat\u00e9riaux, mat\u00e9riel d\u2019occasion, tri, alimentation, \u00e9nergie&#8230;<a rel=\"noreferrer noopener\" href=\"https:\/\/fr.wikipedia.org\/wiki\/Tiers-lieu\" target=\"_blank\"><\/a><\/p>\n","protected":false},"excerpt":{"rendered":"<p>Tiers Lieu \u201cAILLEURS\u201d(15 rue Mar\u00e9chal Lyautey &#8211; \u00c9pinal)Extrait d\u2019un livre de Caroline LAURENT\u00ab&#8230; Je pr\u00e9f\u00e8re parler d\u2019espoir.L\u2019espoir, c\u2019est l\u2019ordinaire tel qu\u2019il devrait toujours \u00eatre : tourn\u00e9 vers un ailleurs.Pas dans un but ni un objectif, non, un ailleurs.Un lieu secret dans lequel, enfin, chacun trouverait sa place.Un lieu juste. Le mien existe&#8230;. \u00bbTiers Lieu selon [&hellip;]<\/p>\n","protected":false},"author":1,"featured_media":0,"parent":0,"menu_order":0,"comment_status":"closed","ping_status":"closed","template":"","meta":{"_themeisle_gutenberg_block_has_review":false,"footnotes":""},"class_list":["post-38","page","type-page","status-publish","hentry"],"blocksy_meta":{"styles_descriptor":{"styles":{"desktop":"","tablet":"","mobile":""},"google_fonts":[],"version":6}},"jetpack_sharing_enabled":true,"_links":{"self":[{"href":"https:\/\/www.3emerive.fr\/index.php?rest_route=\/wp\/v2\/pages\/38","targetHints":{"allow":["GET"]}}],"collection":[{"href":"https:\/\/www.3emerive.fr\/index.php?rest_route=\/wp\/v2\/pages"}],"about":[{"href":"https:\/\/www.3emerive.fr\/index.php?rest_route=\/wp\/v2\/types\/page"}],"author":[{"embeddable":true,"href":"https:\/\/www.3emerive.fr\/index.php?rest_route=\/wp\/v2\/users\/1"}],"replies":[{"embeddable":true,"href":"https:\/\/www.3emerive.fr\/index.php?rest_route=%2Fwp%2Fv2%2Fcomments&post=38"}],"version-history":[{"count":4,"href":"https:\/\/www.3emerive.fr\/index.php?rest_route=\/wp\/v2\/pages\/38\/revisions"}],"predecessor-version":[{"id":479,"href":"https:\/\/www.3emerive.fr\/index.php?rest_route=\/wp\/v2\/pages\/38\/revisions\/479"}],"wp:attachment":[{"href":"https:\/\/www.3emerive.fr\/index.php?rest_route=%2Fwp%2Fv2%2Fmedia&parent=38"}],"curies":[{"name":"wp","href":"https:\/\/api.w.org\/{rel}","templated":true}]}}