{"id":222,"date":"2022-12-25T18:10:05","date_gmt":"2022-12-25T17:10:05","guid":{"rendered":"http:\/\/www.3emerive.fr\/?page_id=222"},"modified":"2022-12-25T18:18:05","modified_gmt":"2022-12-25T17:18:05","slug":"benevoles","status":"publish","type":"page","link":"https:\/\/www.3emerive.fr\/?page_id=222","title":{"rendered":"B\u00e9n\u00e9voles"},"content":{"rendered":"<p style=\"text-align: left;\">Vous souhaitez devenir b\u00e9n\u00e9vole \u00e0 3\u00e9me rive<\/p>\n<p><a href=\"http:\/\/www.3emerive.fr\/?p=227\">Infos \u00e0 destinations des b\u00e9n\u00e9voles<\/a><\/p>\n<p><a href=\"http:\/\/www.3emerive.fr\/?page_id=13\">Contact<\/a><\/p>\n<p>&nbsp;<\/p>\n<p>&nbsp;<\/p>\n","protected":false},"excerpt":{"rendered":"<p>Vous souhaitez devenir b\u00e9n\u00e9vole \u00e0 3\u00e9me rive Infos \u00e0 destinations des b\u00e9n\u00e9voles Contact &nbsp; &nbsp;<\/p>\n","protected":false},"author":2,"featured_media":0,"parent":0,"menu_order":0,"comment_status":"closed","ping_status":"closed","template":"","meta":{"_themeisle_gutenberg_block_has_review":false,"footnotes":""},"class_list":["post-222","page","type-page","status-publish","hentry"],"blocksy_meta":{"styles_descriptor":{"styles":{"desktop":"","tablet":"","mobile":""},"google_fonts":[],"version":6}},"jetpack_sharing_enabled":true,"_links":{"self":[{"href":"https:\/\/www.3emerive.fr\/index.php?rest_route=\/wp\/v2\/pages\/222","targetHints":{"allow":["GET"]}}],"collection":[{"href":"https:\/\/www.3emerive.fr\/index.php?rest_route=\/wp\/v2\/pages"}],"about":[{"href":"https:\/\/www.3emerive.fr\/index.php?rest_route=\/wp\/v2\/types\/page"}],"author":[{"embeddable":true,"href":"https:\/\/www.3emerive.fr\/index.php?rest_route=\/wp\/v2\/users\/2"}],"replies":[{"embeddable":true,"href":"https:\/\/www.3emerive.fr\/index.php?rest_route=%2Fwp%2Fv2%2Fcomments&post=222"}],"version-history":[{"count":5,"href":"https:\/\/www.3emerive.fr\/index.php?rest_route=\/wp\/v2\/pages\/222\/revisions"}],"predecessor-version":[{"id":232,"href":"https:\/\/www.3emerive.fr\/index.php?rest_route=\/wp\/v2\/pages\/222\/revisions\/232"}],"wp:attachment":[{"href":"https:\/\/www.3emerive.fr\/index.php?rest_route=%2Fwp%2Fv2%2Fmedia&parent=222"}],"curies":[{"name":"wp","href":"https:\/\/api.w.org\/{rel}","templated":true}]}}